{"id":88,"date":"2023-01-14T13:07:29","date_gmt":"2023-01-14T12:07:29","guid":{"rendered":"https:\/\/legitranslate.com\/partner\/"},"modified":"2024-11-06T23:15:16","modified_gmt":"2024-11-06T22:15:16","slug":"partnerjb","status":"publish","type":"page","link":"https:\/\/legitranslate.com\/en\/partnerjb\/","title":{"rendered":"PartnerJB"},"content":{"rendered":"<div data-elementor-type=\"wp-post\" data-elementor-id=\"88\" class=\"elementor elementor-88\" data-elementor-post-type=\"page\">\n\t\t\t\t\t\t<section class=\"elementor-section elementor-top-section elementor-element elementor-element-1ae7c0bf elementor-section-full_width elementor-section-height-default elementor-section-height-default\" data-id=\"1ae7c0bf\" data-element_type=\"section\" data-e-type=\"section\" data-settings=\"{&quot;background_background&quot;:&quot;classic&quot;}\">\n\t\t\t\t\t\t<div class=\"elementor-container elementor-column-gap-default\">\n\t\t\t\t\t<div class=\"elementor-column elementor-col-100 elementor-top-column elementor-element elementor-element-a5e54b8\" data-id=\"a5e54b8\" data-element_type=\"column\" data-e-type=\"column\">\n\t\t\t<div class=\"elementor-widget-wrap elementor-element-populated\">\n\t\t\t\t\t\t<div class=\"elementor-element elementor-element-3873a154 elementor-widget elementor-widget-text-editor\" data-id=\"3873a154\" data-element_type=\"widget\" data-e-type=\"widget\" data-widget_type=\"text-editor.default\">\n\t\t\t\t<div class=\"elementor-widget-container\">\n\t\t\t\t\t\t\t\t\t<p>Fondateur\/CEO<\/p>\t\t\t\t\t\t\t\t<\/div>\n\t\t\t\t<\/div>\n\t\t\t\t<div class=\"elementor-element elementor-element-4ce46c06 elementor-widget elementor-widget-heading\" data-id=\"4ce46c06\" data-element_type=\"widget\" data-e-type=\"widget\" data-widget_type=\"heading.default\">\n\t\t\t\t<div class=\"elementor-widget-container\">\n\t\t\t\t\t<h1 class=\"elementor-heading-title elementor-size-default\">J\u00e9r\u00f4me BICHOT<\/h1>\t\t\t\t<\/div>\n\t\t\t\t<\/div>\n\t\t\t\t\t<\/div>\n\t\t<\/div>\n\t\t\t\t\t<\/div>\n\t\t<\/section>\n\t\t\t\t<section class=\"elementor-section elementor-top-section elementor-element elementor-element-f830f41 elementor-section-full_width elementor-section-height-default elementor-section-height-default\" data-id=\"f830f41\" data-element_type=\"section\" data-e-type=\"section\">\n\t\t\t\t\t\t<div class=\"elementor-container elementor-column-gap-default\">\n\t\t\t\t\t<div class=\"elementor-column elementor-col-100 elementor-top-column elementor-element elementor-element-5d6f353c\" data-id=\"5d6f353c\" data-element_type=\"column\" data-e-type=\"column\">\n\t\t\t<div class=\"elementor-widget-wrap elementor-element-populated\">\n\t\t\t\t\t\t<div class=\"elementor-element elementor-element-24778f47 elementor-widget elementor-widget-heading\" data-id=\"24778f47\" data-element_type=\"widget\" data-e-type=\"widget\" data-widget_type=\"heading.default\">\n\t\t\t\t<div class=\"elementor-widget-container\">\n\t\t\t\t\t<h4 class=\"elementor-heading-title elementor-size-default\"><span data-elementor-setting-key=\"title\" data-pen-placeholder=\"\u00c9crivez ici...\" style=\"clear: both;text-transform: none\">Une exp\u00e9rience unique en traduction <i>automatique<\/i> et en traduction <i>humaine<\/i><\/span><\/h4>\t\t\t\t<\/div>\n\t\t\t\t<\/div>\n\t\t\t\t<div class=\"elementor-element elementor-element-61d8dc55 elementor-widget elementor-widget-heading\" data-id=\"61d8dc55\" data-element_type=\"widget\" data-e-type=\"widget\" data-widget_type=\"heading.default\">\n\t\t\t\t<div class=\"elementor-widget-container\">\n\t\t\t\t\t<h2 class=\"elementor-heading-title elementor-size-default\">Parcours et exp\u00e9riences<\/h2>\t\t\t\t<\/div>\n\t\t\t\t<\/div>\n\t\t\t\t\t<\/div>\n\t\t<\/div>\n\t\t\t\t\t<\/div>\n\t\t<\/section>\n\t\t\t\t<section class=\"elementor-section elementor-top-section elementor-element elementor-element-4bd2bfba elementor-section-boxed elementor-section-height-default elementor-section-height-default\" data-id=\"4bd2bfba\" data-element_type=\"section\" data-e-type=\"section\">\n\t\t\t\t\t\t<div class=\"elementor-container elementor-column-gap-default\">\n\t\t\t\t\t<div class=\"elementor-column elementor-col-50 elementor-top-column elementor-element elementor-element-3ca199a5\" data-id=\"3ca199a5\" data-element_type=\"column\" data-e-type=\"column\">\n\t\t\t<div class=\"elementor-widget-wrap elementor-element-populated\">\n\t\t\t\t\t\t<div class=\"elementor-element elementor-element-231d7ec9 elementor-widget elementor-widget-image\" data-id=\"231d7ec9\" data-element_type=\"widget\" data-e-type=\"widget\" data-widget_type=\"image.default\">\n\t\t\t\t<div class=\"elementor-widget-container\">\n\t\t\t\t\t\t\t\t\t\t\t\t<figure class=\"wp-caption\">\n\t\t\t\t\t\t\t\t\t\t<img fetchpriority=\"high\" decoding=\"async\" width=\"768\" height=\"768\" src=\"https:\/\/legitranslate.com\/wp-content\/uploads\/2024\/05\/Legitranslate\u00a9monaawad_02-1-768x768.webp\" class=\"attachment-medium_large size-medium_large wp-image-7738\" alt=\"J\u00e9r\u00f4me Bichot\" srcset=\"https:\/\/legitranslate.com\/wp-content\/uploads\/2024\/05\/Legitranslate\u00a9monaawad_02-1-768x768.webp 768w, https:\/\/legitranslate.com\/wp-content\/uploads\/2024\/05\/Legitranslate\u00a9monaawad_02-1-300x300.webp 300w, https:\/\/legitranslate.com\/wp-content\/uploads\/2024\/05\/Legitranslate\u00a9monaawad_02-1-150x150.webp 150w, https:\/\/legitranslate.com\/wp-content\/uploads\/2024\/05\/Legitranslate\u00a9monaawad_02-1-12x12.webp 12w, https:\/\/legitranslate.com\/wp-content\/uploads\/2024\/05\/Legitranslate\u00a9monaawad_02-1.webp 976w\" sizes=\"(max-width: 768px) 100vw, 768px\" \/>\t\t\t\t\t\t\t\t\t\t\t<figcaption class=\"widget-image-caption wp-caption-text\"><\/figcaption>\n\t\t\t\t\t\t\t\t\t\t<\/figure>\n\t\t\t\t\t\t\t\t\t<\/div>\n\t\t\t\t<\/div>\n\t\t\t\t\t<\/div>\n\t\t<\/div>\n\t\t\t\t<div class=\"elementor-column elementor-col-50 elementor-top-column elementor-element elementor-element-1467e756\" data-id=\"1467e756\" data-element_type=\"column\" data-e-type=\"column\">\n\t\t\t<div class=\"elementor-widget-wrap elementor-element-populated\">\n\t\t\t\t\t\t<div class=\"elementor-element elementor-element-45cae185 elementor-widget elementor-widget-heading\" data-id=\"45cae185\" data-element_type=\"widget\" data-e-type=\"widget\" data-widget_type=\"heading.default\">\n\t\t\t\t<div class=\"elementor-widget-container\">\n\t\t\t\t\t<h3 class=\"elementor-heading-title elementor-size-default\">Une passion pour les langues \u00e9trang\u00e8res<\/h3>\t\t\t\t<\/div>\n\t\t\t\t<\/div>\n\t\t\t\t<div class=\"elementor-element elementor-element-f40b0ce elementor-widget elementor-widget-text-editor\" data-id=\"f40b0ce\" data-element_type=\"widget\" data-e-type=\"widget\" data-widget_type=\"text-editor.default\">\n\t\t\t\t<div class=\"elementor-widget-container\">\n\t\t\t\t\t\t\t\t\t<p>J\u00e9r\u00f4me BICHOT est un professionnel tr\u00e8s exp\u00e9riment\u00e9 du secteur de la traduction et de l\u2019interpr\u00e9tation. Apr\u00e8s avoir occup\u00e9 plusieurs postes de direction parmi les plus prestigieuses agences de traductions d\u2019Europe, ces vingt derni\u00e8res ann\u00e9es, il a choisi de cr\u00e9er LegiTranslate, avec la volont\u00e9 de r\u00e9unir des experts de la traduction et de l\u2019interpr\u00e9tation, passionn\u00e9s par leur m\u00e9tier et leurs missions.<\/p>\n<p>Parce qu\u2019il a une app\u00e9tence forte et une connaissance pointue des exigences et des sp\u00e9cificit\u00e9s des secteurs du droit, de la finance, de la RSE et du domaine m\u00e9dical, J\u00e9r\u00f4me Bichot a choisi d\u2019axer l\u2019expertise de LegiTranslate sur ces univers, en particulier.<\/p>\n<p>Sensible aux \u00e9volutions du march\u00e9, il a choisi de favoriser l\u2019utilisation des nouvelles technologies, tout en conservant l\u2019expertise humaine, et offrir ainsi \u00e0 ses clients, le meilleur des deux mondes.<\/p>\t\t\t\t\t\t\t\t<\/div>\n\t\t\t\t<\/div>\n\t\t\t\t\t<\/div>\n\t\t<\/div>\n\t\t\t\t\t<\/div>\n\t\t<\/section>\n\t\t\t\t<section class=\"elementor-section elementor-top-section elementor-element elementor-element-f857aae elementor-section-full_width elementor-section-height-default elementor-section-height-default\" data-id=\"f857aae\" data-element_type=\"section\" data-e-type=\"section\" data-settings=\"{&quot;background_background&quot;:&quot;classic&quot;}\">\n\t\t\t\t\t\t\t<div class=\"elementor-background-overlay\"><\/div>\n\t\t\t\t\t\t\t<div class=\"elementor-container elementor-column-gap-default\">\n\t\t\t\t\t<div class=\"elementor-column elementor-col-100 elementor-top-column elementor-element elementor-element-b9a9c9c\" data-id=\"b9a9c9c\" data-element_type=\"column\" data-e-type=\"column\">\n\t\t\t<div class=\"elementor-widget-wrap elementor-element-populated\">\n\t\t\t\t\t\t<div class=\"elementor-element elementor-element-a9b5528 elementor-widget elementor-widget-heading\" data-id=\"a9b5528\" data-element_type=\"widget\" data-e-type=\"widget\" data-widget_type=\"heading.default\">\n\t\t\t\t<div class=\"elementor-widget-container\">\n\t\t\t\t\t<h2 class=\"elementor-heading-title elementor-size-default\">Essayez nos services !<\/h2>\t\t\t\t<\/div>\n\t\t\t\t<\/div>\n\t\t\t\t<div class=\"elementor-element elementor-element-e4bdeb9 elementor-widget elementor-widget-text-editor\" data-id=\"e4bdeb9\" data-element_type=\"widget\" data-e-type=\"widget\" data-widget_type=\"text-editor.default\">\n\t\t\t\t<div class=\"elementor-widget-container\">\n\t\t\t\t\t\t\t\t\t<p class=\"p1\"><span class=\"s1\">Une exp\u00e9rience de plus de 20 ans dans la traduction<\/span><\/p>\t\t\t\t\t\t\t\t<\/div>\n\t\t\t\t<\/div>\n\t\t\t\t<div class=\"elementor-element elementor-element-72f80a3 elementor-align-center elementor-widget elementor-widget-button\" data-id=\"72f80a3\" data-element_type=\"widget\" data-e-type=\"widget\" data-widget_type=\"button.default\">\n\t\t\t\t<div class=\"elementor-widget-container\">\n\t\t\t\t\t\t\t\t\t<div class=\"elementor-button-wrapper\">\n\t\t\t\t\t<a class=\"elementor-button elementor-button-link elementor-size-sm\" href=\"https:\/\/legitranslate.com\/en\/contact\/\">\n\t\t\t\t\t\t<span class=\"elementor-button-content-wrapper\">\n\t\t\t\t\t\t\t\t\t<span class=\"elementor-button-text\">Devis<\/span>\n\t\t\t\t\t<\/span>\n\t\t\t\t\t<\/a>\n\t\t\t\t<\/div>\n\t\t\t\t\t\t\t\t<\/div>\n\t\t\t\t<\/div>\n\t\t\t\t\t<\/div>\n\t\t<\/div>\n\t\t\t\t\t<\/div>\n\t\t<\/section>\n\t\t\t\t<\/div>","protected":false},"excerpt":{"rendered":"<p>Fondateur\/CEO J\u00e9r\u00f4me BICHOT Une exp\u00e9rience unique en traduction automatique et en traduction humaine Parcours et exp\u00e9riences Une passion pour les langues \u00e9trang\u00e8res J\u00e9r\u00f4me BICHOT est un professionnel tr\u00e8s exp\u00e9riment\u00e9 du secteur de la traduction et de l\u2019interpr\u00e9tation. Apr\u00e8s avoir occup\u00e9 plusieurs postes de direction parmi les plus prestigieuses agences de traductions d\u2019Europe, ces vingt derni\u00e8res [&hellip;]<\/p>\n","protected":false},"author":1,"featured_media":91,"parent":0,"menu_order":0,"comment_status":"closed","ping_status":"closed","template":"elementor_header_footer","meta":{"footnotes":""},"class_list":["post-88","page","type-page","status-publish","has-post-thumbnail","hentry"],"_links":{"self":[{"href":"https:\/\/legitranslate.com\/en\/wp-json\/wp\/v2\/pages\/88","targetHints":{"allow":["GET"]}}],"collection":[{"href":"https:\/\/legitranslate.com\/en\/wp-json\/wp\/v2\/pages"}],"about":[{"href":"https:\/\/legitranslate.com\/en\/wp-json\/wp\/v2\/types\/page"}],"author":[{"embeddable":true,"href":"https:\/\/legitranslate.com\/en\/wp-json\/wp\/v2\/users\/1"}],"replies":[{"embeddable":true,"href":"https:\/\/legitranslate.com\/en\/wp-json\/wp\/v2\/comments?post=88"}],"version-history":[{"count":219,"href":"https:\/\/legitranslate.com\/en\/wp-json\/wp\/v2\/pages\/88\/revisions"}],"predecessor-version":[{"id":9333,"href":"https:\/\/legitranslate.com\/en\/wp-json\/wp\/v2\/pages\/88\/revisions\/9333"}],"wp:featuredmedia":[{"embeddable":true,"href":"https:\/\/legitranslate.com\/en\/wp-json\/wp\/v2\/media\/91"}],"wp:attachment":[{"href":"https:\/\/legitranslate.com\/en\/wp-json\/wp\/v2\/media?parent=88"}],"curies":[{"name":"wp","href":"https:\/\/api.w.org\/{rel}","templated":true}]}}