{"id":7615,"date":"2024-05-20T18:07:50","date_gmt":"2024-05-20T16:07:50","guid":{"rendered":"https:\/\/legitranslate.com\/?page_id=7615"},"modified":"2025-03-10T22:23:03","modified_gmt":"2025-03-10T21:23:03","slug":"blog","status":"publish","type":"page","link":"https:\/\/legitranslate.com\/en\/blog\/","title":{"rendered":"Blog LegiTranslate"},"content":{"rendered":"\t\t<div data-elementor-type=\"wp-page\" data-elementor-id=\"7615\" class=\"elementor elementor-7615\" data-elementor-post-type=\"page\">\n\t\t\t\t\t\t<section class=\"elementor-section elementor-top-section elementor-element elementor-element-5b56b82 elementor-section-height-min-height elementor-section-full_width elementor-section-stretched elementor-section-height-default elementor-section-items-middle\" data-id=\"5b56b82\" data-element_type=\"section\" data-e-type=\"section\" data-settings=\"{&quot;background_background&quot;:&quot;classic&quot;,&quot;stretch_section&quot;:&quot;section-stretched&quot;}\">\n\t\t\t\t\t\t<div class=\"elementor-container elementor-column-gap-default\">\n\t\t\t\t\t<div class=\"elementor-column elementor-col-100 elementor-top-column elementor-element elementor-element-506ff15e\" data-id=\"506ff15e\" data-element_type=\"column\" data-e-type=\"column\">\n\t\t\t<div class=\"elementor-widget-wrap elementor-element-populated\">\n\t\t\t\t\t\t<div class=\"elementor-element elementor-element-7b034d48 elementor-widget__width-initial elementor-widget-tablet__width-initial elementor-widget-mobile__width-initial elementor-widget elementor-widget-text-editor\" data-id=\"7b034d48\" data-element_type=\"widget\" data-e-type=\"widget\" data-widget_type=\"text-editor.default\">\n\t\t\t\t<div class=\"elementor-widget-container\">\n\t\t\t\t\t\t\t\t\t<p>Learning from experience<\/p>\t\t\t\t\t\t\t\t<\/div>\n\t\t\t\t<\/div>\n\t\t\t\t<div class=\"elementor-element elementor-element-366b4f83 elementor-widget__width-initial elementor-widget elementor-widget-heading\" data-id=\"366b4f83\" data-element_type=\"widget\" data-e-type=\"widget\" data-widget_type=\"heading.default\">\n\t\t\t\t<div class=\"elementor-widget-container\">\n\t\t\t\t\t<h1 class=\"elementor-heading-title elementor-size-default\">Le blog de LegiTranslate<\/h1>\t\t\t\t<\/div>\n\t\t\t\t<\/div>\n\t\t\t\t\t<\/div>\n\t\t<\/div>\n\t\t\t\t\t<\/div>\n\t\t<\/section>\n\t\t\t\t<section class=\"elementor-section elementor-top-section elementor-element elementor-element-f572f37 elementor-section-boxed elementor-section-height-default elementor-section-height-default\" data-id=\"f572f37\" data-element_type=\"section\" data-e-type=\"section\">\n\t\t\t\t\t\t<div class=\"elementor-container elementor-column-gap-default\">\n\t\t\t\t\t<div class=\"elementor-column elementor-col-50 elementor-top-column elementor-element elementor-element-eb7a442\" data-id=\"eb7a442\" data-element_type=\"column\" data-e-type=\"column\">\n\t\t\t<div class=\"elementor-widget-wrap elementor-element-populated\">\n\t\t\t\t\t\t<div class=\"elementor-element elementor-element-3b620dd1 elementor-widget elementor-widget-heading\" data-id=\"3b620dd1\" data-element_type=\"widget\" data-e-type=\"widget\" data-widget_type=\"heading.default\">\n\t\t\t\t<div class=\"elementor-widget-container\">\n\t\t\t\t\t<h4 class=\"elementor-heading-title elementor-size-default\">S'informer pour mieux anticiper<\/h4>\t\t\t\t<\/div>\n\t\t\t\t<\/div>\n\t\t\t\t<div class=\"elementor-element elementor-element-2cefdbf2 elementor-widget elementor-widget-heading\" data-id=\"2cefdbf2\" data-element_type=\"widget\" data-e-type=\"widget\" data-widget_type=\"heading.default\">\n\t\t\t\t<div class=\"elementor-widget-container\">\n\t\t\t\t\t<h1 class=\"elementor-heading-title elementor-size-default\">L'expertise, c'est par ici !<\/h1>\t\t\t\t<\/div>\n\t\t\t\t<\/div>\n\t\t\t\t\t<\/div>\n\t\t<\/div>\n\t\t\t\t<div class=\"elementor-column elementor-col-50 elementor-top-column elementor-element elementor-element-47221654\" data-id=\"47221654\" data-element_type=\"column\" data-e-type=\"column\">\n\t\t\t<div class=\"elementor-widget-wrap elementor-element-populated\">\n\t\t\t\t\t\t<div class=\"elementor-element elementor-element-5480f245 elementor-widget elementor-widget-text-editor\" data-id=\"5480f245\" data-element_type=\"widget\" data-e-type=\"widget\" data-widget_type=\"text-editor.default\">\n\t\t\t\t<div class=\"elementor-widget-container\">\n\t\t\t\t\t\t\t\t\t<div class=\"flex-1 overflow-hidden\"><div class=\"react-scroll-to-bottom--css-yvhny-79elbk h-full\"><div class=\"react-scroll-to-bottom--css-yvhny-1n7m0yu\"><div class=\"flex flex-col text-sm pb-9\"><div class=\"w-full text-token-text-primary\" dir=\"auto\" data-testid=\"conversation-turn-7\" data-scroll-anchor=\"true\"><div class=\"py-2 juice:py-[18px] px-3 text-base md:px-4 m-auto md:px-5 lg:px-1 xl:px-5\"><div class=\"mx-auto flex flex-1 gap-3 text-base juice:gap-4 juice:md:gap-6 md:max-w-3xl lg:max-w-[40rem] xl:max-w-[48rem]\"><div class=\"group\/conversation-turn relative flex w-full min-w-0 flex-col agent-turn\"><div class=\"flex-col gap-1 md:gap-3\"><div class=\"flex flex-grow flex-col max-w-full\"><div class=\"min-h-[20px] text-message flex flex-col items-start whitespace-pre-wrap break-words [.text-message+&amp;]:mt-5 juice:w-full juice:items-end overflow-x-auto gap-2\" dir=\"auto\" data-message-author-role=\"assistant\" data-message-id=\"72498ffe-570e-4be7-abad-9b4a2304a323\"><div class=\"flex w-full flex-col gap-1 juice:empty:hidden juice:first:pt-[3px]\"><div class=\"markdown prose w-full break-words dark:prose-invert dark\"><p>Suivez le blog de LegiTranslate pour des conseils d&rsquo;experts, des astuces incontournables en traduction, directement de la source la plus fiable, sans oublier nos cas clients les plus parlants !<\/p><\/div><\/div><\/div><\/div><\/div><\/div><\/div><\/div><\/div><\/div><\/div><\/div><\/div>\t\t\t\t\t\t\t\t<\/div>\n\t\t\t\t<\/div>\n\t\t\t\t\t<\/div>\n\t\t<\/div>\n\t\t\t\t\t<\/div>\n\t\t<\/section>\n\t\t<div class=\"elementor-element elementor-element-1e85486 e-flex e-con-boxed e-con e-parent\" data-id=\"1e85486\" data-element_type=\"container\" data-e-type=\"container\">\n\t\t\t\t\t<div class=\"e-con-inner\">\n\t\t\t\t<div class=\"elementor-element elementor-element-0f628cd elementor-grid-1 elementor-grid-tablet-2 elementor-grid-mobile-1 elementor-posts--thumbnail-top elementor-posts--show-avatar elementor-card-shadow-yes elementor-posts__hover-gradient elementor-widget elementor-widget-posts\" data-id=\"0f628cd\" data-element_type=\"widget\" data-e-type=\"widget\" data-settings=\"{&quot;cards_columns&quot;:&quot;1&quot;,&quot;cards_columns_tablet&quot;:&quot;2&quot;,&quot;cards_columns_mobile&quot;:&quot;1&quot;,&quot;cards_row_gap&quot;:{&quot;unit&quot;:&quot;px&quot;,&quot;size&quot;:35,&quot;sizes&quot;:[]},&quot;cards_row_gap_tablet&quot;:{&quot;unit&quot;:&quot;px&quot;,&quot;size&quot;:&quot;&quot;,&quot;sizes&quot;:[]},&quot;cards_row_gap_mobile&quot;:{&quot;unit&quot;:&quot;px&quot;,&quot;size&quot;:&quot;&quot;,&quot;sizes&quot;:[]}}\" data-widget_type=\"posts.cards\">\n\t\t\t\t<div class=\"elementor-widget-container\">\n\t\t\t\t\t\t\t<div class=\"elementor-posts-container elementor-posts elementor-posts--skin-cards elementor-grid\" role=\"list\">\n\t\t\t\t<article class=\"elementor-post elementor-grid-item post-10247 post type-post status-publish format-standard hentry category-blog\" role=\"listitem\">\n\t\t\t<div class=\"elementor-post__card\">\n\t\t\t\t<div class=\"elementor-post__text\">\n\t\t\t\t<h3 class=\"elementor-post__title\">\n\t\t\t<a href=\"https:\/\/legitranslate.com\/en\/blog\/traduction-juridique-certifiee-conforme-a-loriginal\/\" >\n\t\t\t\tTraduction juridique certifi\u00e9e conforme \u00e0 l\u2019original : un enjeu strat\u00e9gique pour les professionnels du droit\t\t\t<\/a>\n\t\t<\/h3>\n\t\t\n\t\t<a class=\"elementor-post__read-more\" href=\"https:\/\/legitranslate.com\/en\/blog\/traduction-juridique-certifiee-conforme-a-loriginal\/\" aria-label=\"Read more about Traduction juridique certifi\u00e9e conforme \u00e0 l\u2019original : un enjeu strat\u00e9gique pour les professionnels du droit\" tabindex=\"-1\" >\n\t\t\tLire la suite \u00bb\t\t<\/a>\n\n\t\t\t\t<\/div>\n\t\t\t\t<div class=\"elementor-post__meta-data\">\n\t\t\t\t\t<span class=\"elementor-post-date\">\n\t\t\t10 November 2025\t\t<\/span>\n\t\t\t\t<\/div>\n\t\t\t\t\t<\/div>\n\t\t<\/article>\n\t\t\t\t<article class=\"elementor-post elementor-grid-item post-10240 post type-post status-publish format-standard hentry category-blog\" role=\"listitem\">\n\t\t\t<div class=\"elementor-post__card\">\n\t\t\t\t<div class=\"elementor-post__text\">\n\t\t\t\t<h3 class=\"elementor-post__title\">\n\t\t\t<a href=\"https:\/\/legitranslate.com\/en\/blog\/traduction-specialisee-en-affaires-reglementaires\/\" >\n\t\t\t\tTraduction sp\u00e9cialis\u00e9e en affaires r\u00e9glementaires\t\t\t<\/a>\n\t\t<\/h3>\n\t\t\n\t\t<a class=\"elementor-post__read-more\" href=\"https:\/\/legitranslate.com\/en\/blog\/traduction-specialisee-en-affaires-reglementaires\/\" aria-label=\"Read more about Traduction sp\u00e9cialis\u00e9e en affaires r\u00e9glementaires\" tabindex=\"-1\" >\n\t\t\tLire la suite \u00bb\t\t<\/a>\n\n\t\t\t\t<\/div>\n\t\t\t\t<div class=\"elementor-post__meta-data\">\n\t\t\t\t\t<span class=\"elementor-post-date\">\n\t\t\t2 November 2025\t\t<\/span>\n\t\t\t\t<\/div>\n\t\t\t\t\t<\/div>\n\t\t<\/article>\n\t\t\t\t<article class=\"elementor-post elementor-grid-item post-10229 post type-post status-publish format-standard hentry category-blog\" role=\"listitem\">\n\t\t\t<div class=\"elementor-post__card\">\n\t\t\t\t<div class=\"elementor-post__text\">\n\t\t\t\t<h3 class=\"elementor-post__title\">\n\t\t\t<a href=\"https:\/\/legitranslate.com\/en\/blog\/traduction-specialisee-legitranslate-applique-son-exigence-juridique-a-deux-nouveaux-secteurs-strategiques\/\" >\n\t\t\t\tTraduction sp\u00e9cialis\u00e9e : LegiTranslate applique son exigence juridique \u00e0 deux nouveaux secteurs strat\u00e9giques\t\t\t<\/a>\n\t\t<\/h3>\n\t\t\n\t\t<a class=\"elementor-post__read-more\" href=\"https:\/\/legitranslate.com\/en\/blog\/traduction-specialisee-legitranslate-applique-son-exigence-juridique-a-deux-nouveaux-secteurs-strategiques\/\" aria-label=\"Read more about Traduction sp\u00e9cialis\u00e9e : LegiTranslate applique son exigence juridique \u00e0 deux nouveaux secteurs strat\u00e9giques\" tabindex=\"-1\" >\n\t\t\tLire la suite \u00bb\t\t<\/a>\n\n\t\t\t\t<\/div>\n\t\t\t\t<div class=\"elementor-post__meta-data\">\n\t\t\t\t\t<span class=\"elementor-post-date\">\n\t\t\t2 October 2025\t\t<\/span>\n\t\t\t\t<\/div>\n\t\t\t\t\t<\/div>\n\t\t<\/article>\n\t\t\t\t<article class=\"elementor-post elementor-grid-item post-10169 post type-post status-publish format-standard hentry category-blog\" role=\"listitem\">\n\t\t\t<div class=\"elementor-post__card\">\n\t\t\t\t<div class=\"elementor-post__text\">\n\t\t\t\t<h3 class=\"elementor-post__title\">\n\t\t\t<a href=\"https:\/\/legitranslate.com\/en\/blog\/la-traduction-financiere-un-levier-strategique-pour-les-acteurs-economiques\/\" >\n\t\t\t\tLa traduction financi\u00e8re : un levier strat\u00e9gique pour les acteurs \u00e9conomiques\t\t\t<\/a>\n\t\t<\/h3>\n\t\t\n\t\t<a class=\"elementor-post__read-more\" href=\"https:\/\/legitranslate.com\/en\/blog\/la-traduction-financiere-un-levier-strategique-pour-les-acteurs-economiques\/\" aria-label=\"Read more about La traduction financi\u00e8re : un levier strat\u00e9gique pour les acteurs \u00e9conomiques\" tabindex=\"-1\" >\n\t\t\tLire la suite \u00bb\t\t<\/a>\n\n\t\t\t\t<\/div>\n\t\t\t\t<div class=\"elementor-post__meta-data\">\n\t\t\t\t\t<span class=\"elementor-post-date\">\n\t\t\t21 July 2025\t\t<\/span>\n\t\t\t\t<\/div>\n\t\t\t\t\t<\/div>\n\t\t<\/article>\n\t\t\t\t<article class=\"elementor-post elementor-grid-item post-10155 post type-post status-publish format-standard hentry category-blog\" role=\"listitem\">\n\t\t\t<div class=\"elementor-post__card\">\n\t\t\t\t<div class=\"elementor-post__text\">\n\t\t\t\t<h3 class=\"elementor-post__title\">\n\t\t\t<a href=\"https:\/\/legitranslate.com\/en\/blog\/la-traduction-juridique-un-enjeu-strategique-pour-les-professionnels-du-droit\/\" >\n\t\t\t\tLa traduction juridique : un enjeu strat\u00e9gique pour les professionnels du droit\t\t\t<\/a>\n\t\t<\/h3>\n\t\t\n\t\t<a class=\"elementor-post__read-more\" href=\"https:\/\/legitranslate.com\/en\/blog\/la-traduction-juridique-un-enjeu-strategique-pour-les-professionnels-du-droit\/\" aria-label=\"Read more about La traduction juridique : un enjeu strat\u00e9gique pour les professionnels du droit\" tabindex=\"-1\" >\n\t\t\tLire la suite \u00bb\t\t<\/a>\n\n\t\t\t\t<\/div>\n\t\t\t\t<div class=\"elementor-post__meta-data\">\n\t\t\t\t\t<span class=\"elementor-post-date\">\n\t\t\t18 July 2025\t\t<\/span>\n\t\t\t\t<\/div>\n\t\t\t\t\t<\/div>\n\t\t<\/article>\n\t\t\t\t<article class=\"elementor-post elementor-grid-item post-10142 post type-post status-publish format-standard hentry category-blog\" role=\"listitem\">\n\t\t\t<div class=\"elementor-post__card\">\n\t\t\t\t<div class=\"elementor-post__text\">\n\t\t\t\t<h3 class=\"elementor-post__title\">\n\t\t\t<a href=\"https:\/\/legitranslate.com\/en\/blog\/traduction_automatique_comment_l_ia_redefinit_le_role_du_traducteur_humain\/\" >\n\t\t\t\tTraduction automatique : comment l\u2019IA red\u00e9finit le r\u00f4le du traducteur humain\t\t\t<\/a>\n\t\t<\/h3>\n\t\t\n\t\t<a class=\"elementor-post__read-more\" href=\"https:\/\/legitranslate.com\/en\/blog\/traduction_automatique_comment_l_ia_redefinit_le_role_du_traducteur_humain\/\" aria-label=\"Read more about Traduction automatique : comment l\u2019IA red\u00e9finit le r\u00f4le du traducteur humain\" tabindex=\"-1\" >\n\t\t\tLire la suite \u00bb\t\t<\/a>\n\n\t\t\t\t<\/div>\n\t\t\t\t<div class=\"elementor-post__meta-data\">\n\t\t\t\t\t<span class=\"elementor-post-date\">\n\t\t\t20 June 2025\t\t<\/span>\n\t\t\t\t<\/div>\n\t\t\t\t\t<\/div>\n\t\t<\/article>\n\t\t\t\t<article class=\"elementor-post elementor-grid-item post-9703 post type-post status-publish format-standard hentry category-blog\" role=\"listitem\">\n\t\t\t<div class=\"elementor-post__card\">\n\t\t\t\t<div class=\"elementor-post__text\">\n\t\t\t\t<h3 class=\"elementor-post__title\">\n\t\t\t<a href=\"https:\/\/legitranslate.com\/en\/blog\/business-case_silvadec\/\" >\n\t\t\t\tCas client : Silvadec leader europ\u00e9en du bois composite &#038; LegiTranslate\t\t\t<\/a>\n\t\t<\/h3>\n\t\t\n\t\t<a class=\"elementor-post__read-more\" href=\"https:\/\/legitranslate.com\/en\/blog\/business-case_silvadec\/\" aria-label=\"Read more about Cas client : Silvadec leader europ\u00e9en du bois composite &#038; LegiTranslate\" tabindex=\"-1\" >\n\t\t\tLire la suite \u00bb\t\t<\/a>\n\n\t\t\t\t<\/div>\n\t\t\t\t<div class=\"elementor-post__meta-data\">\n\t\t\t\t\t<span class=\"elementor-post-date\">\n\t\t\t10 March 2025\t\t<\/span>\n\t\t\t\t<\/div>\n\t\t\t\t\t<\/div>\n\t\t<\/article>\n\t\t\t\t<article class=\"elementor-post elementor-grid-item post-9520 post type-post status-publish format-standard hentry category-blog\" role=\"listitem\">\n\t\t\t<div class=\"elementor-post__card\">\n\t\t\t\t<div class=\"elementor-post__text\">\n\t\t\t\t<h3 class=\"elementor-post__title\">\n\t\t\t<a href=\"https:\/\/legitranslate.com\/en\/blog\/business-case_helene_chanel\/\" >\n\t\t\t\tCas client : H\u00e9l\u00e8ne Chanel, Experte en Transformation Durable &#038; LegiTranslate\t\t\t<\/a>\n\t\t<\/h3>\n\t\t\n\t\t<a class=\"elementor-post__read-more\" href=\"https:\/\/legitranslate.com\/en\/blog\/business-case_helene_chanel\/\" aria-label=\"Read more about Cas client : H\u00e9l\u00e8ne Chanel, Experte en Transformation Durable &#038; LegiTranslate\" tabindex=\"-1\" >\n\t\t\tLire la suite \u00bb\t\t<\/a>\n\n\t\t\t\t<\/div>\n\t\t\t\t<div class=\"elementor-post__meta-data\">\n\t\t\t\t\t<span class=\"elementor-post-date\">\n\t\t\t28 February 2025\t\t<\/span>\n\t\t\t\t<\/div>\n\t\t\t\t\t<\/div>\n\t\t<\/article>\n\t\t\t\t<article class=\"elementor-post elementor-grid-item post-9414 post type-post status-publish format-standard hentry category-blog\" role=\"listitem\">\n\t\t\t<div class=\"elementor-post__card\">\n\t\t\t\t<div class=\"elementor-post__text\">\n\t\t\t\t<h3 class=\"elementor-post__title\">\n\t\t\t<a href=\"https:\/\/legitranslate.com\/en\/blog\/traduction_specialisee_et_actionnariat_salarie_pour_une_communication_transparente\/\" >\n\t\t\t\tTraduction sp\u00e9cialis\u00e9e et actionnariat salari\u00e9 : pour une communication transparente\t\t\t<\/a>\n\t\t<\/h3>\n\t\t\n\t\t<a class=\"elementor-post__read-more\" href=\"https:\/\/legitranslate.com\/en\/blog\/traduction_specialisee_et_actionnariat_salarie_pour_une_communication_transparente\/\" aria-label=\"Read more about Traduction sp\u00e9cialis\u00e9e et actionnariat salari\u00e9 : pour une communication transparente\" tabindex=\"-1\" >\n\t\t\tLire la suite \u00bb\t\t<\/a>\n\n\t\t\t\t<\/div>\n\t\t\t\t<div class=\"elementor-post__meta-data\">\n\t\t\t\t\t<span class=\"elementor-post-date\">\n\t\t\t17 December 2024\t\t<\/span>\n\t\t\t\t<\/div>\n\t\t\t\t\t<\/div>\n\t\t<\/article>\n\t\t\t\t<article class=\"elementor-post elementor-grid-item post-9409 post type-post status-publish format-standard hentry category-blog\" role=\"listitem\">\n\t\t\t<div class=\"elementor-post__card\">\n\t\t\t\t<div class=\"elementor-post__text\">\n\t\t\t\t<h3 class=\"elementor-post__title\">\n\t\t\t<a href=\"https:\/\/legitranslate.com\/en\/blog\/traduction_actes_notaries_un_pilier_dune_communication_juridique_rigoureuse\/\" >\n\t\t\t\tTraduction d&rsquo;actes notari\u00e9s : un pilier d&rsquo;une communication juridique rigoureuse\t\t\t<\/a>\n\t\t<\/h3>\n\t\t\n\t\t<a class=\"elementor-post__read-more\" href=\"https:\/\/legitranslate.com\/en\/blog\/traduction_actes_notaries_un_pilier_dune_communication_juridique_rigoureuse\/\" aria-label=\"Read more about Traduction d&rsquo;actes notari\u00e9s : un pilier d&rsquo;une communication juridique rigoureuse\" tabindex=\"-1\" >\n\t\t\tLire la suite \u00bb\t\t<\/a>\n\n\t\t\t\t<\/div>\n\t\t\t\t<div class=\"elementor-post__meta-data\">\n\t\t\t\t\t<span class=\"elementor-post-date\">\n\t\t\t6 December 2024\t\t<\/span>\n\t\t\t\t<\/div>\n\t\t\t\t\t<\/div>\n\t\t<\/article>\n\t\t\t\t<\/div>\n\t\t\n\t\t\t\t\t\t<\/div>\n\t\t\t\t<\/div>\n\t\t\t\t\t<\/div>\n\t\t\t\t<\/div>\n\t\t\t\t<\/div>\n\t\t","protected":false},"excerpt":{"rendered":"<p>Learning from experience Le blog de LegiTranslate S&rsquo;informer pour mieux<\/p>","protected":false},"author":6,"featured_media":0,"parent":0,"menu_order":0,"comment_status":"closed","ping_status":"closed","template":"elementor_header_footer","meta":{"footnotes":""},"class_list":["post-7615","page","type-page","status-publish","hentry"],"_links":{"self":[{"href":"https:\/\/legitranslate.com\/en\/wp-json\/wp\/v2\/pages\/7615","targetHints":{"allow":["GET"]}}],"collection":[{"href":"https:\/\/legitranslate.com\/en\/wp-json\/wp\/v2\/pages"}],"about":[{"href":"https:\/\/legitranslate.com\/en\/wp-json\/wp\/v2\/types\/page"}],"author":[{"embeddable":true,"href":"https:\/\/legitranslate.com\/en\/wp-json\/wp\/v2\/users\/6"}],"replies":[{"embeddable":true,"href":"https:\/\/legitranslate.com\/en\/wp-json\/wp\/v2\/comments?post=7615"}],"version-history":[{"count":95,"href":"https:\/\/legitranslate.com\/en\/wp-json\/wp\/v2\/pages\/7615\/revisions"}],"predecessor-version":[{"id":9938,"href":"https:\/\/legitranslate.com\/en\/wp-json\/wp\/v2\/pages\/7615\/revisions\/9938"}],"wp:attachment":[{"href":"https:\/\/legitranslate.com\/en\/wp-json\/wp\/v2\/media?parent=7615"}],"curies":[{"name":"wp","href":"https:\/\/api.w.org\/{rel}","templated":true}]}}