{"id":6665,"date":"2024-04-07T09:48:26","date_gmt":"2024-04-07T07:48:26","guid":{"rendered":"https:\/\/legitranslate.com\/?page_id=6665"},"modified":"2025-03-22T12:31:58","modified_gmt":"2025-03-22T11:31:58","slug":"interpretation","status":"publish","type":"page","link":"https:\/\/legitranslate.com\/en\/interpretation\/","title":{"rendered":"LegiTranslate Interpr\u00e9tation &#8211; L&rsquo;excellence dans les domaines \u00e0 forts enjeux"},"content":{"rendered":"<div data-elementor-type=\"wp-page\" data-elementor-id=\"6665\" class=\"elementor elementor-6665\" data-elementor-post-type=\"page\">\n\t\t\t\t<div class=\"elementor-element elementor-element-cf78641 e-con-full e-flex e-con e-parent\" data-id=\"cf78641\" data-element_type=\"container\" data-e-type=\"container\" data-settings=\"{&quot;background_background&quot;:&quot;classic&quot;}\">\n\t\t\t\t<div class=\"elementor-element elementor-element-295b5f0 elementor-widget elementor-widget-text-editor\" data-id=\"295b5f0\" data-element_type=\"widget\" data-e-type=\"widget\" data-widget_type=\"text-editor.default\">\n\t\t\t\t<div class=\"elementor-widget-container\">\n\t\t\t\t\t\t\t\t\t<p>Une expertise unique<\/p>\t\t\t\t\t\t\t\t<\/div>\n\t\t\t\t<\/div>\n\t\t\t\t<div class=\"elementor-element elementor-element-4684398 elementor-widget elementor-widget-text-editor\" data-id=\"4684398\" data-element_type=\"widget\" data-e-type=\"widget\" data-widget_type=\"text-editor.default\">\n\t\t\t\t<div class=\"elementor-widget-container\">\n\t\t\t\t\t\t\t\t\t<p>Services d&rsquo;Interpr\u00e9tation\u200b<\/p>\t\t\t\t\t\t\t\t<\/div>\n\t\t\t\t<\/div>\n\t\t\t\t<\/div>\n\t\t<div class=\"elementor-element elementor-element-9176e5b e-flex e-con-boxed e-con e-parent\" data-id=\"9176e5b\" data-element_type=\"container\" data-e-type=\"container\">\n\t\t\t\t\t<div class=\"e-con-inner\">\n\t\t\t\t<div class=\"elementor-element elementor-element-4c1fb8f elementor-view-stacked elementor-shape-circle elementor-position-block-start elementor-mobile-position-block-start elementor-widget elementor-widget-icon-box\" data-id=\"4c1fb8f\" data-element_type=\"widget\" data-e-type=\"widget\" data-widget_type=\"icon-box.default\">\n\t\t\t\t<div class=\"elementor-widget-container\">\n\t\t\t\t\t\t\t<div class=\"elementor-icon-box-wrapper\">\n\n\t\t\t\t\t\t<div class=\"elementor-icon-box-icon\">\n\t\t\t\t<a href=\"https:\/\/legitranslate.com\/en\/juridique\/\" class=\"elementor-icon\" tabindex=\"-1\">\n\t\t\t\t<svg aria-hidden=\"true\" class=\"e-font-icon-svg e-fas-microphone\" viewbox=\"0 0 352 512\" xmlns=\"http:\/\/www.w3.org\/2000\/svg\"><path d=\"M176 352c53.02 0 96-42.98 96-96V96c0-53.02-42.98-96-96-96S80 42.98 80 96v160c0 53.02 42.98 96 96 96zm160-160h-16c-8.84 0-16 7.16-16 16v48c0 74.8-64.49 134.82-140.79 127.38C96.71 376.89 48 317.11 48 250.3V208c0-8.84-7.16-16-16-16H16c-8.84 0-16 7.16-16 16v40.16c0 89.64 63.97 169.55 152 181.69V464H96c-8.84 0-16 7.16-16 16v16c0 8.84 7.16 16 16 16h160c8.84 0 16-7.16 16-16v-16c0-8.84-7.16-16-16-16h-56v-33.77C285.71 418.47 352 344.9 352 256v-48c0-8.84-7.16-16-16-16z\"><\/path><\/svg>\t\t\t\t<\/a>\n\t\t\t<\/div>\n\t\t\t\n\t\t\t\t\t\t<div class=\"elementor-icon-box-content\">\n\n\t\t\t\t\n\t\t\t\t\t\t\t\t\t<p class=\"elementor-icon-box-description\">\n\t\t\t\t\t\tLegiTranslate, votre partenaire de confiance pour tous vos besoins en interpr\u00e9tation dans les domaines juridique, financier, technique &amp; m\u00e9dical. En tant qu'agence de traduction sp\u00e9cialis\u00e9e, nous comprenons l'importance cruciale d'une communication claire et pr\u00e9cise dans ces secteurs hautement sp\u00e9cialis\u00e9s. C'est pourquoi nous proposons une gamme compl\u00e8te de services d'interpr\u00e9tation pour r\u00e9pondre \u00e0 vos exigences les plus sp\u00e9cifiques.\n<br>\ud83c\udf10\ud83d\udcca\u2696\ufe0f\t\t\t\t\t<\/p>\n\t\t\t\t\n\t\t\t<\/div>\n\t\t\t\n\t\t<\/div>\n\t\t\t\t\t\t<\/div>\n\t\t\t\t<\/div>\n\t\t\t\t<div class=\"elementor-element elementor-element-391582e elementor-widget elementor-widget-heading\" data-id=\"391582e\" data-element_type=\"widget\" data-e-type=\"widget\" data-widget_type=\"heading.default\">\n\t\t\t\t<div class=\"elementor-widget-container\">\n\t\t\t\t\t<h2 class=\"elementor-heading-title elementor-size-default\">Ils nous font confiance \u200b\u200b\u200b<\/h2>\t\t\t\t<\/div>\n\t\t\t\t<\/div>\n\t\t\t\t<div class=\"elementor-element elementor-element-3907ea4 elementor-arrows-position-inside elementor-widget elementor-widget-image-carousel\" data-id=\"3907ea4\" data-element_type=\"widget\" data-e-type=\"widget\" data-settings=\"{&quot;navigation&quot;:&quot;arrows&quot;,&quot;autoplay&quot;:&quot;yes&quot;,&quot;pause_on_hover&quot;:&quot;yes&quot;,&quot;pause_on_interaction&quot;:&quot;yes&quot;,&quot;autoplay_speed&quot;:5000,&quot;infinite&quot;:&quot;yes&quot;,&quot;speed&quot;:500}\" data-widget_type=\"image-carousel.default\">\n\t\t\t\t<div class=\"elementor-widget-container\">\n\t\t\t\t\t\t\t<div class=\"elementor-image-carousel-wrapper swiper\" role=\"region\" aria-roledescription=\"carousel\" aria-label=\"Carrousel d\u2019images\" dir=\"ltr\">\n\t\t\t<div class=\"elementor-image-carousel swiper-wrapper\" aria-live=\"off\">\n\t\t\t\t\t\t\t\t<div class=\"swiper-slide\" role=\"group\" aria-roledescription=\"slide\" aria-label=\"1 sur 14\"><figure class=\"swiper-slide-inner\"><img decoding=\"async\" class=\"swiper-slide-image\" src=\"https:\/\/legitranslate.com\/wp-content\/uploads\/2024\/06\/6-150x150.webp\" alt=\"eversheds sutherland\" \/><\/figure><\/div><div class=\"swiper-slide\" role=\"group\" aria-roledescription=\"slide\" aria-label=\"2 sur 14\"><figure class=\"swiper-slide-inner\"><img decoding=\"async\" class=\"swiper-slide-image\" src=\"https:\/\/legitranslate.com\/wp-content\/uploads\/2024\/06\/14-150x150.webp\" alt=\"lagardere travel\" \/><\/figure><\/div><div class=\"swiper-slide\" role=\"group\" aria-roledescription=\"slide\" aria-label=\"3 sur 14\"><figure class=\"swiper-slide-inner\"><img decoding=\"async\" class=\"swiper-slide-image\" src=\"https:\/\/legitranslate.com\/wp-content\/uploads\/2024\/06\/16-150x150.webp\" alt=\"capgemini\" \/><\/figure><\/div><div class=\"swiper-slide\" role=\"group\" aria-roledescription=\"slide\" aria-label=\"4 sur 14\"><figure class=\"swiper-slide-inner\"><img decoding=\"async\" class=\"swiper-slide-image\" src=\"https:\/\/legitranslate.com\/wp-content\/uploads\/2024\/05\/12-150x150.webp\" alt=\"12\" \/><\/figure><\/div><div class=\"swiper-slide\" role=\"group\" aria-roledescription=\"slide\" aria-label=\"5 sur 14\"><figure class=\"swiper-slide-inner\"><img decoding=\"async\" class=\"swiper-slide-image\" src=\"https:\/\/legitranslate.com\/wp-content\/uploads\/2024\/06\/5-150x150.webp\" alt=\"lex patrimonis\" \/><\/figure><\/div><div class=\"swiper-slide\" role=\"group\" aria-roledescription=\"slide\" aria-label=\"6 sur 14\"><figure class=\"swiper-slide-inner\"><img decoding=\"async\" class=\"swiper-slide-image\" src=\"https:\/\/legitranslate.com\/wp-content\/uploads\/2024\/05\/11-150x150.webp\" alt=\"11\" \/><\/figure><\/div><div class=\"swiper-slide\" role=\"group\" aria-roledescription=\"slide\" aria-label=\"7 sur 14\"><figure class=\"swiper-slide-inner\"><img decoding=\"async\" class=\"swiper-slide-image\" src=\"https:\/\/legitranslate.com\/wp-content\/uploads\/2024\/05\/13-150x150.webp\" alt=\"13\" \/><\/figure><\/div><div class=\"swiper-slide\" role=\"group\" aria-roledescription=\"slide\" aria-label=\"8 sur 14\"><figure class=\"swiper-slide-inner\"><img decoding=\"async\" class=\"swiper-slide-image\" src=\"https:\/\/legitranslate.com\/wp-content\/uploads\/2024\/06\/4-150x150.webp\" alt=\"leick et darmois\" \/><\/figure><\/div><div class=\"swiper-slide\" role=\"group\" aria-roledescription=\"slide\" aria-label=\"9 sur 14\"><figure class=\"swiper-slide-inner\"><img decoding=\"async\" class=\"swiper-slide-image\" src=\"https:\/\/legitranslate.com\/wp-content\/uploads\/2024\/06\/3-150x150.webp\" alt=\"clifflord law\" \/><\/figure><\/div><div class=\"swiper-slide\" role=\"group\" aria-roledescription=\"slide\" aria-label=\"10 sur 14\"><figure class=\"swiper-slide-inner\"><img decoding=\"async\" class=\"swiper-slide-image\" src=\"https:\/\/legitranslate.com\/wp-content\/uploads\/2024\/06\/7-150x150.webp\" alt=\"lex patrimonis\" \/><\/figure><\/div><div class=\"swiper-slide\" role=\"group\" aria-roledescription=\"slide\" aria-label=\"11 sur 14\"><figure class=\"swiper-slide-inner\"><img decoding=\"async\" class=\"swiper-slide-image\" src=\"https:\/\/legitranslate.com\/wp-content\/uploads\/2024\/06\/15-150x150.webp\" alt=\"fred\" \/><\/figure><\/div><div class=\"swiper-slide\" role=\"group\" aria-roledescription=\"slide\" aria-label=\"12 sur 14\"><figure class=\"swiper-slide-inner\"><img decoding=\"async\" class=\"swiper-slide-image\" src=\"https:\/\/legitranslate.com\/wp-content\/uploads\/2024\/06\/1-150x150.webp\" alt=\"terralpha sncf\" \/><\/figure><\/div><div class=\"swiper-slide\" role=\"group\" aria-roledescription=\"slide\" aria-label=\"13 sur 14\"><figure class=\"swiper-slide-inner\"><img decoding=\"async\" class=\"swiper-slide-image\" src=\"https:\/\/legitranslate.com\/wp-content\/uploads\/2024\/06\/2-150x150.webp\" alt=\"bouruane et pressl\" \/><\/figure><\/div><div class=\"swiper-slide\" role=\"group\" aria-roledescription=\"slide\" aria-label=\"14 sur 14\"><figure class=\"swiper-slide-inner\"><img decoding=\"async\" class=\"swiper-slide-image\" src=\"https:\/\/legitranslate.com\/wp-content\/uploads\/2024\/05\/10-150x150.webp\" alt=\"10\" \/><\/figure><\/div>\t\t\t<\/div>\n\t\t\t\t\t\t\t\t\t\t\t\t<div class=\"elementor-swiper-button elementor-swiper-button-prev\" role=\"button\" tabindex=\"0\">\n\t\t\t\t\t\t<svg aria-hidden=\"true\" class=\"e-font-icon-svg e-eicon-chevron-left\" viewbox=\"0 0 1000 1000\" xmlns=\"http:\/\/www.w3.org\/2000\/svg\"><path d=\"M646 125C629 125 613 133 604 142L308 442C296 454 292 471 292 487 292 504 296 521 308 533L604 854C617 867 629 875 646 875 663 875 679 871 692 858 704 846 713 829 713 812 713 796 708 779 692 767L438 487 692 225C700 217 708 204 708 187 708 171 704 154 692 142 675 129 663 125 646 125Z\"><\/path><\/svg>\t\t\t\t\t<\/div>\n\t\t\t\t\t<div class=\"elementor-swiper-button elementor-swiper-button-next\" role=\"button\" tabindex=\"0\">\n\t\t\t\t\t\t<svg aria-hidden=\"true\" class=\"e-font-icon-svg e-eicon-chevron-right\" viewbox=\"0 0 1000 1000\" xmlns=\"http:\/\/www.w3.org\/2000\/svg\"><path d=\"M696 533C708 521 713 504 713 487 713 471 708 454 696 446L400 146C388 133 375 125 354 125 338 125 325 129 313 142 300 154 292 171 292 187 292 204 296 221 308 233L563 492 304 771C292 783 288 800 288 817 288 833 296 850 308 863 321 871 338 875 354 875 371 875 388 867 400 854L696 533Z\"><\/path><\/svg>\t\t\t\t\t<\/div>\n\t\t\t\t\n\t\t\t\t\t\t\t\t\t<\/div>\n\t\t\t\t\t\t<\/div>\n\t\t\t\t<\/div>\n\t\t\t\t\t<\/div>\n\t\t\t\t<\/div>\n\t\t<div class=\"elementor-element elementor-element-a195d65 e-flex e-con-boxed e-con e-parent\" data-id=\"a195d65\" data-element_type=\"container\" data-e-type=\"container\">\n\t\t\t\t\t<div class=\"e-con-inner\">\n\t\t<div class=\"elementor-element elementor-element-bcf3112 e-con-full e-flex e-con e-child\" data-id=\"bcf3112\" data-element_type=\"container\" data-e-type=\"container\">\n\t\t\t\t<div class=\"elementor-element elementor-element-b4e020a elementor-view-stacked elementor-widget__width-initial elementor-shape-circle elementor-position-block-start elementor-mobile-position-block-start elementor-widget elementor-widget-icon-box\" data-id=\"b4e020a\" data-element_type=\"widget\" data-e-type=\"widget\" data-widget_type=\"icon-box.default\">\n\t\t\t\t<div class=\"elementor-widget-container\">\n\t\t\t\t\t\t\t<div class=\"elementor-icon-box-wrapper\">\n\n\t\t\t\t\t\t<div class=\"elementor-icon-box-icon\">\n\t\t\t\t<a href=\"https:\/\/legitranslate.com\/en\/juridique\/\" class=\"elementor-icon elementor-animation-grow\" tabindex=\"-1\" aria-label=\"Interpr\u00e9tation sur site \">\n\t\t\t\t<svg aria-hidden=\"true\" class=\"e-font-icon-svg e-fas-people-arrows\" viewbox=\"0 0 576 512\" xmlns=\"http:\/\/www.w3.org\/2000\/svg\"><path d=\"M96,128A64,64,0,1,0,32,64,64,64,0,0,0,96,128Zm0,176.08a44.11,44.11,0,0,1,13.64-32L181.77,204c1.65-1.55,3.77-2.31,5.61-3.57A63.91,63.91,0,0,0,128,160H64A64,64,0,0,0,0,224v96a32,32,0,0,0,32,32V480a32,32,0,0,0,32,32h64a32,32,0,0,0,32-32V383.61l-50.36-47.53A44.08,44.08,0,0,1,96,304.08ZM480,128a64,64,0,1,0-64-64A64,64,0,0,0,480,128Zm32,32H448a63.91,63.91,0,0,0-59.38,40.42c1.84,1.27,4,2,5.62,3.59l72.12,68.06a44.37,44.37,0,0,1,0,64L416,383.62V480a32,32,0,0,0,32,32h64a32,32,0,0,0,32-32V352a32,32,0,0,0,32-32V224A64,64,0,0,0,512,160ZM444.4,295.34l-72.12-68.06A12,12,0,0,0,352,236v36H224V236a12,12,0,0,0-20.28-8.73L131.6,295.34a12.4,12.4,0,0,0,0,17.47l72.12,68.07A12,12,0,0,0,224,372.14V336H352v36.14a12,12,0,0,0,20.28,8.74l72.12-68.07A12.4,12.4,0,0,0,444.4,295.34Z\"><\/path><\/svg>\t\t\t\t<\/a>\n\t\t\t<\/div>\n\t\t\t\n\t\t\t\t\t\t<div class=\"elementor-icon-box-content\">\n\n\t\t\t\t\t\t\t\t\t<h3 class=\"elementor-icon-box-title\">\n\t\t\t\t\t\t<a href=\"https:\/\/legitranslate.com\/en\/juridique\/\" >\n\t\t\t\t\t\t\tInterpr\u00e9tation sur site \t\t\t\t\t\t<\/a>\n\t\t\t\t\t<\/h3>\n\t\t\t\t\n\t\t\t\t\t\t\t\t\t<p class=\"elementor-icon-box-description\">\n\t\t\t\t\t\tPour les r\u00e9unions d'affaires, les conf\u00e9rences internationales, les audiences judiciaires ou tout autre \u00e9v\u00e9nement n\u00e9cessitant une interpr\u00e9tation en direct, notre \u00e9quipe d'interpr\u00e8tes professionnels est pr\u00eate \u00e0 vous accompagner. Avec une expertise approfondie dans les domaines du droit, de la finance et des affaires r\u00e9glementaires, nos interpr\u00e8tes garantissent une communication fluide et pr\u00e9cise.\t\t\t\t\t<\/p>\n\t\t\t\t\n\t\t\t<\/div>\n\t\t\t\n\t\t<\/div>\n\t\t\t\t\t\t<\/div>\n\t\t\t\t<\/div>\n\t\t\t\t<\/div>\n\t\t<div class=\"elementor-element elementor-element-57c3939 e-con-full e-flex e-con e-child\" data-id=\"57c3939\" data-element_type=\"container\" data-e-type=\"container\">\n\t\t\t\t<div class=\"elementor-element elementor-element-6d143a9 elementor-view-stacked elementor-widget__width-initial elementor-shape-circle elementor-position-block-start elementor-mobile-position-block-start elementor-widget elementor-widget-icon-box\" data-id=\"6d143a9\" data-element_type=\"widget\" data-e-type=\"widget\" data-widget_type=\"icon-box.default\">\n\t\t\t\t<div class=\"elementor-widget-container\">\n\t\t\t\t\t\t\t<div class=\"elementor-icon-box-wrapper\">\n\n\t\t\t\t\t\t<div class=\"elementor-icon-box-icon\">\n\t\t\t\t<a href=\"https:\/\/legitranslate.com\/en\/juridique\/\" class=\"elementor-icon elementor-animation-grow\" tabindex=\"-1\" aria-label=\"Interpr\u00e9tation en ligne \">\n\t\t\t\t<svg aria-hidden=\"true\" class=\"e-font-icon-svg e-fas-headphones-alt\" viewbox=\"0 0 512 512\" xmlns=\"http:\/\/www.w3.org\/2000\/svg\"><path d=\"M160 288h-16c-35.35 0-64 28.7-64 64.12v63.76c0 35.41 28.65 64.12 64 64.12h16c17.67 0 32-14.36 32-32.06V320.06c0-17.71-14.33-32.06-32-32.06zm208 0h-16c-17.67 0-32 14.35-32 32.06v127.88c0 17.7 14.33 32.06 32 32.06h16c35.35 0 64-28.71 64-64.12v-63.76c0-35.41-28.65-64.12-64-64.12zM256 32C112.91 32 4.57 151.13 0 288v112c0 8.84 7.16 16 16 16h16c8.84 0 16-7.16 16-16V288c0-114.67 93.33-207.8 208-207.82 114.67.02 208 93.15 208 207.82v112c0 8.84 7.16 16 16 16h16c8.84 0 16-7.16 16-16V288C507.43 151.13 399.09 32 256 32z\"><\/path><\/svg>\t\t\t\t<\/a>\n\t\t\t<\/div>\n\t\t\t\n\t\t\t\t\t\t<div class=\"elementor-icon-box-content\">\n\n\t\t\t\t\t\t\t\t\t<h3 class=\"elementor-icon-box-title\">\n\t\t\t\t\t\t<a href=\"https:\/\/legitranslate.com\/en\/juridique\/\" >\n\t\t\t\t\t\t\tInterpr\u00e9tation en ligne \t\t\t\t\t\t<\/a>\n\t\t\t\t\t<\/h3>\n\t\t\t\t\n\t\t\t\t\t\t\t\t\t<p class=\"elementor-icon-box-description\">\n\t\t\t\t\t\t Dans un monde de plus en plus connect\u00e9, notre service d'interpr\u00e9tation en ligne vous permet de b\u00e9n\u00e9ficier d'une assistance linguistique \u00e0 distance, o\u00f9 que vous soyez dans le monde. Gr\u00e2ce \u00e0 des technologies de pointe, nous assurons une connexion stable et s\u00e9curis\u00e9e, offrant une interpr\u00e9tation de qualit\u00e9 sup\u00e9rieure via des plateformes virtuelles telles que Zoom, Skype ou Microsoft Teams.\t\t\t\t\t<\/p>\n\t\t\t\t\n\t\t\t<\/div>\n\t\t\t\n\t\t<\/div>\n\t\t\t\t\t\t<\/div>\n\t\t\t\t<\/div>\n\t\t\t\t<\/div>\n\t\t\t\t\t<\/div>\n\t\t\t\t<\/div>\n\t\t<div class=\"elementor-element elementor-element-c3c44d3 e-flex e-con-boxed e-con e-parent\" data-id=\"c3c44d3\" data-element_type=\"container\" data-e-type=\"container\">\n\t\t\t\t\t<div class=\"e-con-inner\">\n\t\t\t\t<div class=\"elementor-element elementor-element-2b253da elementor-view-stacked elementor-widget__width-initial elementor-shape-circle elementor-position-block-start elementor-mobile-position-block-start elementor-widget elementor-widget-icon-box\" data-id=\"2b253da\" data-element_type=\"widget\" data-e-type=\"widget\" data-widget_type=\"icon-box.default\">\n\t\t\t\t<div class=\"elementor-widget-container\">\n\t\t\t\t\t\t\t<div class=\"elementor-icon-box-wrapper\">\n\n\t\t\t\t\t\t<div class=\"elementor-icon-box-icon\">\n\t\t\t\t<a href=\"https:\/\/legitranslate.com\/en\/juridique\/\" class=\"elementor-icon elementor-animation-grow\" tabindex=\"-1\" aria-label=\"Services de traduction\">\n\t\t\t\t<svg aria-hidden=\"true\" class=\"e-font-icon-svg e-fas-pen-fancy\" viewbox=\"0 0 512 512\" xmlns=\"http:\/\/www.w3.org\/2000\/svg\"><path d=\"M79.18 282.94a32.005 32.005 0 0 0-20.24 20.24L0 480l4.69 4.69 92.89-92.89c-.66-2.56-1.57-5.03-1.57-7.8 0-17.67 14.33-32 32-32s32 14.33 32 32-14.33 32-32 32c-2.77 0-5.24-.91-7.8-1.57l-92.89 92.89L32 512l176.82-58.94a31.983 31.983 0 0 0 20.24-20.24l33.07-84.07-98.88-98.88-84.07 33.07zM369.25 28.32L186.14 227.81l97.85 97.85 199.49-183.11C568.4 67.48 443.73-55.94 369.25 28.32z\"><\/path><\/svg>\t\t\t\t<\/a>\n\t\t\t<\/div>\n\t\t\t\n\t\t\t\t\t\t<div class=\"elementor-icon-box-content\">\n\n\t\t\t\t\t\t\t\t\t<h3 class=\"elementor-icon-box-title\">\n\t\t\t\t\t\t<a href=\"https:\/\/legitranslate.com\/en\/juridique\/\" >\n\t\t\t\t\t\t\tServices de traduction\t\t\t\t\t\t<\/a>\n\t\t\t\t\t<\/h3>\n\t\t\t\t\n\t\t\t\t\t\t\t\t\t<p class=\"elementor-icon-box-description\">\n\t\t\t\t\t\tL'\u00e9quipe LegiTranslate est constitu\u00e9e de sp\u00e9cialistes du  droit, de la finance, de tous les types d'industries et du domaine m\u00e9dical disposant tous d'une parfaite ma\u00eetrise des enjeux propres \u00e0 ces domaines complexes.\t\t\t\t\t<\/p>\n\t\t\t\t\n\t\t\t<\/div>\n\t\t\t\n\t\t<\/div>\n\t\t\t\t\t\t<\/div>\n\t\t\t\t<\/div>\n\t\t\t\t<div class=\"elementor-element elementor-element-d3f4dd8 elementor-align-center elementor-widget elementor-widget-button\" data-id=\"d3f4dd8\" data-element_type=\"widget\" data-e-type=\"widget\" data-widget_type=\"button.default\">\n\t\t\t\t<div class=\"elementor-widget-container\">\n\t\t\t\t\t\t\t\t\t<div class=\"elementor-button-wrapper\">\n\t\t\t\t\t<a class=\"elementor-button elementor-button-link elementor-size-sm\" href=\"https:\/\/legitranslate.com\/en\/services\/\">\n\t\t\t\t\t\t<span class=\"elementor-button-content-wrapper\">\n\t\t\t\t\t\t\t\t\t<span class=\"elementor-button-text\">Nos services de traduction<\/span>\n\t\t\t\t\t<\/span>\n\t\t\t\t\t<\/a>\n\t\t\t\t<\/div>\n\t\t\t\t\t\t\t\t<\/div>\n\t\t\t\t<\/div>\n\t\t\t\t\t<\/div>\n\t\t\t\t<\/div>\n\t\t<div class=\"elementor-element elementor-element-b007e16 e-con-full e-flex e-con e-parent\" data-id=\"b007e16\" data-element_type=\"container\" data-e-type=\"container\">\n\t\t<div class=\"elementor-element elementor-element-4719b91 e-flex e-con-boxed e-con e-child\" data-id=\"4719b91\" data-element_type=\"container\" data-e-type=\"container\">\n\t\t\t\t\t<div class=\"e-con-inner\">\n\t\t\t\t<div class=\"elementor-element elementor-element-15578f8 elementor-widget elementor-widget-heading\" data-id=\"15578f8\" data-element_type=\"widget\" data-e-type=\"widget\" data-widget_type=\"heading.default\">\n\t\t\t\t<div class=\"elementor-widget-container\">\n\t\t\t\t\t<h4 class=\"elementor-heading-title elementor-size-default\">Demandez votre devis gratuit !<\/h4>\t\t\t\t<\/div>\n\t\t\t\t<\/div>\n\t\t\t\t<div class=\"elementor-element elementor-element-3292255 elementor-align-center elementor-widget elementor-widget-button\" data-id=\"3292255\" data-element_type=\"widget\" data-e-type=\"widget\" data-widget_type=\"button.default\">\n\t\t\t\t<div class=\"elementor-widget-container\">\n\t\t\t\t\t\t\t\t\t<div class=\"elementor-button-wrapper\">\n\t\t\t\t\t<a class=\"elementor-button elementor-button-link elementor-size-sm\" href=\"https:\/\/legitranslate.com\/en\/contact\/\">\n\t\t\t\t\t\t<span class=\"elementor-button-content-wrapper\">\n\t\t\t\t\t\t\t\t\t<span class=\"elementor-button-text\">Devis<\/span>\n\t\t\t\t\t<\/span>\n\t\t\t\t\t<\/a>\n\t\t\t\t<\/div>\n\t\t\t\t\t\t\t\t<\/div>\n\t\t\t\t<\/div>\n\t\t\t\t\t<\/div>\n\t\t\t\t<\/div>\n\t\t\t\t<\/div>\n\t\t\t\t<\/div>","protected":false},"excerpt":{"rendered":"<p>Une expertise unique Services d&rsquo;Interpr\u00e9tation\u200b LegiTranslate, votre partenaire de confiance pour tous vos besoins en interpr\u00e9tation dans les domaines juridique, financier, technique &amp; m\u00e9dical. En tant qu&rsquo;agence de traduction sp\u00e9cialis\u00e9e, nous comprenons l&rsquo;importance cruciale d&rsquo;une communication claire et pr\u00e9cise dans ces secteurs hautement sp\u00e9cialis\u00e9s. C&rsquo;est pourquoi nous proposons une gamme compl\u00e8te de services d&rsquo;interpr\u00e9tation pour [&hellip;]<\/p>\n","protected":false},"author":1,"featured_media":0,"parent":0,"menu_order":1,"comment_status":"closed","ping_status":"closed","template":"elementor_header_footer","meta":{"footnotes":""},"class_list":["post-6665","page","type-page","status-publish","hentry"],"_links":{"self":[{"href":"https:\/\/legitranslate.com\/en\/wp-json\/wp\/v2\/pages\/6665","targetHints":{"allow":["GET"]}}],"collection":[{"href":"https:\/\/legitranslate.com\/en\/wp-json\/wp\/v2\/pages"}],"about":[{"href":"https:\/\/legitranslate.com\/en\/wp-json\/wp\/v2\/types\/page"}],"author":[{"embeddable":true,"href":"https:\/\/legitranslate.com\/en\/wp-json\/wp\/v2\/users\/1"}],"replies":[{"embeddable":true,"href":"https:\/\/legitranslate.com\/en\/wp-json\/wp\/v2\/comments?post=6665"}],"version-history":[{"count":242,"href":"https:\/\/legitranslate.com\/en\/wp-json\/wp\/v2\/pages\/6665\/revisions"}],"predecessor-version":[{"id":10103,"href":"https:\/\/legitranslate.com\/en\/wp-json\/wp\/v2\/pages\/6665\/revisions\/10103"}],"wp:attachment":[{"href":"https:\/\/legitranslate.com\/en\/wp-json\/wp\/v2\/media?parent=6665"}],"curies":[{"name":"wp","href":"https:\/\/api.w.org\/{rel}","templated":true}]}}